{"id":20836,"date":"2025-07-16T05:06:45","date_gmt":"2025-07-16T05:06:45","guid":{"rendered":"https:\/\/diatprofi.de\/?page_id=20836"},"modified":"2025-07-16T05:06:45","modified_gmt":"2025-07-16T05:06:45","slug":"shipping-policy-2","status":"publish","type":"page","link":"https:\/\/diatprofi.de\/de\/shipping-policy-2\/","title":{"rendered":"Versandbedingungen"},"content":{"rendered":"<p><strong>VERSANDBEDINGUNGEN<\/strong><\/p>\n\n\n\n<p><strong>Versandkosten und Lieferzeiten<\/strong><\/p>\n\n\n\n<p><strong>Versand innerhalb Deutschlands:<\/strong><\/p>\n\n\n\n<ul class=\"wp-block-list\">\n<li>Standardversand: 4,90 \u20ac<\/li>\n\n\n\n<li>Kostenloser Versand ab 50 \u20ac Bestellwert<\/li>\n\n\n\n<li>Lieferzeit: 3-5 Werktage<\/li>\n<\/ul>\n\n\n\n<p><strong>Versand innerhalb der EU:<\/strong><\/p>\n\n\n\n<ul class=\"wp-block-list\">\n<li>Versandkosten: 8,90 \u20ac<\/li>\n\n\n\n<li>Lieferzeit: 5-10 Werktage<\/li>\n<\/ul>\n\n\n\n<p><strong>Versandarten:<\/strong><\/p>\n\n\n\n<ul class=\"wp-block-list\">\n<li>DHL Standard<\/li>\n\n\n\n<li>DHL Express (gegen Aufpreis)<\/li>\n<\/ul>\n\n\n\n<p><strong>Verpackung:<\/strong> Alle Produkte werden sicher und umweltfreundlich verpackt. Nahrungserg\u00e4nzungsmittel werden in speziellen Verpackungen versandt, um die Qualit\u00e4t zu gew\u00e4hrleisten.<\/p>\n\n\n\n<p><strong>Lieferadresse:<\/strong> Wir liefern nur an die angegebene Lieferadresse. Eine Umleitung an Packstationen ist m\u00f6glich.<\/p>\n\n\n\n<p><strong>Sendungsverfolgung:<\/strong> Sie erhalten eine Sendungsverfolgungsnummer per E-Mail, sobald Ihre Bestellung versendet wurde.<\/p>\n\n\n\n<p><strong>Teillieferungen:<\/strong> Wenn nicht alle bestellten Artikel sofort verf\u00fcgbar sind, behalten wir uns vor, Teillieferungen vorzunehmen. Zus\u00e4tzliche Versandkosten entstehen Ihnen dadurch nicht.<\/p>","protected":false},"excerpt":{"rendered":"<p>VERSANDBEDINGUNGEN Versandkosten und Lieferzeiten Versand innerhalb Deutschlands: Versand innerhalb der EU: Versandarten: Verpackung: Alle Produkte werden sicher und umweltfreundlich verpackt&#8230;.<\/p>","protected":false},"author":1,"featured_media":0,"parent":0,"menu_order":0,"comment_status":"closed","ping_status":"closed","template":"","meta":{"footnotes":""},"class_list":["post-20836","page","type-page","status-publish","hentry"],"_links":{"self":[{"href":"https:\/\/diatprofi.de\/de\/wp-json\/wp\/v2\/pages\/20836","targetHints":{"allow":["GET"]}}],"collection":[{"href":"https:\/\/diatprofi.de\/de\/wp-json\/wp\/v2\/pages"}],"about":[{"href":"https:\/\/diatprofi.de\/de\/wp-json\/wp\/v2\/types\/page"}],"author":[{"embeddable":true,"href":"https:\/\/diatprofi.de\/de\/wp-json\/wp\/v2\/users\/1"}],"replies":[{"embeddable":true,"href":"https:\/\/diatprofi.de\/de\/wp-json\/wp\/v2\/comments?post=20836"}],"version-history":[{"count":1,"href":"https:\/\/diatprofi.de\/de\/wp-json\/wp\/v2\/pages\/20836\/revisions"}],"predecessor-version":[{"id":20837,"href":"https:\/\/diatprofi.de\/de\/wp-json\/wp\/v2\/pages\/20836\/revisions\/20837"}],"wp:attachment":[{"href":"https:\/\/diatprofi.de\/de\/wp-json\/wp\/v2\/media?parent=20836"}],"curies":[{"name":"wp","href":"https:\/\/api.w.org\/{rel}","templated":true}]}}