{"id":20838,"date":"2025-07-16T05:07:55","date_gmt":"2025-07-16T05:07:55","guid":{"rendered":"https:\/\/diatprofi.de\/?page_id=20838"},"modified":"2025-07-31T04:38:05","modified_gmt":"2025-07-31T04:38:05","slug":"return-cancellation-policy","status":"publish","type":"page","link":"https:\/\/diatprofi.de\/de\/return-cancellation-policy\/","title":{"rendered":"R\u00fcckgabe &amp; Widerrufsbelehrung"},"content":{"rendered":"<p><strong>WIDERRUFSBELEHRUNG<\/strong><\/p>\n\n\n\n<p><strong>Widerrufsrecht<\/strong> Sie haben das Recht, binnen vierzehn Tagen ohne Angabe von Gr\u00fcnden diesen Vertrag zu widerrufen.<\/p>\n\n\n\n<p>Die Widerrufsfrist betr\u00e4gt vierzehn Tage ab dem Tag, an dem Sie oder ein von Ihnen benannter Dritter, der nicht der Bef\u00f6rderer ist, die Waren in Besitz genommen haben bzw. hat.<\/p>\n\n\n\n<p><strong>Widerrufsfolgen<\/strong> Wenn Sie diesen Vertrag widerrufen, haben wir Ihnen alle Zahlungen, die wir von Ihnen erhalten haben, einschlie\u00dflich der Lieferkosten (mit Ausnahme der zus\u00e4tzlichen Kosten, die sich daraus ergeben, dass Sie eine andere Art der Lieferung als die von uns angebotene, g\u00fcnstigste Standardlieferung gew\u00e4hlt haben), unverz\u00fcglich und sp\u00e4testens binnen vierzehn Tagen ab dem Tag zur\u00fcckzuzahlen, an dem die Mitteilung \u00fcber Ihren Widerruf dieses Vertrags bei uns eingegangen ist.<\/p>\n\n\n\n<p><strong>R\u00fcckgabebedingungen:<\/strong><\/p>\n\n\n\n<ul class=\"wp-block-list\">\n<li>Artikel m\u00fcssen unbenutzt und in der Originalverpackung sein<\/li>\n\n\n\n<li>Nahrungserg\u00e4nzungsmittel d\u00fcrfen aus hygienischen Gr\u00fcnden nicht angebrochen sein<\/li>\n\n\n\n<li>R\u00fcckgabe innerhalb von 14 Tagen nach Erhalt<\/li>\n\n\n\n<li>R\u00fccksendekosten tr\u00e4gt der K\u00e4ufer<\/li>\n<\/ul>\n\n\n\n<p><strong>R\u00fcckgabeadresse:<\/strong> Der Kundenservice kann bei R\u00fccksendungen behilflich sein.<\/p>\n\n\n\n<p><strong>Muster-Widerrufsformular:<\/strong> Falls Sie den Vertrag widerrufen wollen, k\u00f6nnen Sie das beigef\u00fcgte Muster-Widerrufsformular verwenden:<\/p>\n\n\n\n<p>An: Diatprofi, Adresse, support@diatprofi.de Hiermit widerrufe(n) ich\/wir den von mir\/uns abgeschlossenen Vertrag \u00fcber den Kauf der folgenden Waren:<\/p>\n\n\n\n<ul class=\"wp-block-list\">\n<li>Bestellt am: _______________<\/li>\n\n\n\n<li>Bestellnummer: _______________<\/li>\n\n\n\n<li>Name des Verbrauchers: _______________<\/li>\n\n\n\n<li>Anschrift des Verbrauchers: _______________<\/li>\n\n\n\n<li>Unterschrift des Verbrauchers: _______________<\/li>\n\n\n\n<li>Datum: _______________<\/li>\n<\/ul>","protected":false},"excerpt":{"rendered":"<p>WIDERRUFSBELEHRUNG Widerrufsrecht Sie haben das Recht, binnen vierzehn Tagen ohne Angabe von Gr\u00fcnden diesen Vertrag zu widerrufen. Die Widerrufsfrist betr\u00e4gt&#8230;<\/p>","protected":false},"author":1,"featured_media":0,"parent":0,"menu_order":0,"comment_status":"closed","ping_status":"closed","template":"","meta":{"footnotes":""},"class_list":["post-20838","page","type-page","status-publish","hentry"],"_links":{"self":[{"href":"https:\/\/diatprofi.de\/de\/wp-json\/wp\/v2\/pages\/20838","targetHints":{"allow":["GET"]}}],"collection":[{"href":"https:\/\/diatprofi.de\/de\/wp-json\/wp\/v2\/pages"}],"about":[{"href":"https:\/\/diatprofi.de\/de\/wp-json\/wp\/v2\/types\/page"}],"author":[{"embeddable":true,"href":"https:\/\/diatprofi.de\/de\/wp-json\/wp\/v2\/users\/1"}],"replies":[{"embeddable":true,"href":"https:\/\/diatprofi.de\/de\/wp-json\/wp\/v2\/comments?post=20838"}],"version-history":[{"count":4,"href":"https:\/\/diatprofi.de\/de\/wp-json\/wp\/v2\/pages\/20838\/revisions"}],"predecessor-version":[{"id":20894,"href":"https:\/\/diatprofi.de\/de\/wp-json\/wp\/v2\/pages\/20838\/revisions\/20894"}],"wp:attachment":[{"href":"https:\/\/diatprofi.de\/de\/wp-json\/wp\/v2\/media?parent=20838"}],"curies":[{"name":"wp","href":"https:\/\/api.w.org\/{rel}","templated":true}]}}