{"id":20842,"date":"2025-07-16T05:31:02","date_gmt":"2025-07-16T05:31:02","guid":{"rendered":"https:\/\/diatprofi.de\/?page_id=20842"},"modified":"2025-07-31T09:07:18","modified_gmt":"2025-07-31T09:07:18","slug":"impressum","status":"publish","type":"page","link":"https:\/\/diatprofi.de\/de\/impressum\/","title":{"rendered":"Impressum"},"content":{"rendered":"<p><strong>Angaben gem\u00e4\u00df \u00a7 5 TMG:<\/strong> Diatprofi [Rechtsform] [Stra\u00dfe Hausnummer] [PLZ Ort]<\/p>\n\n\n\n<p><strong>Vertreten durch:<\/strong> [Gesch\u00e4ftsf\u00fchrer\/Inhaber]<\/p>\n\n\n\n<p><strong>Kontakt:<\/strong> Telefon: +44 1923 628809 E-Mail: support@diatprofi.de<\/p>\n\n\n\n<p><strong>Registereintrag:<\/strong> Eintragung im Handelsregister Registergericht: [Registergericht] Registernummer: [Registernummer]<\/p>\n\n\n\n<p><strong>Umsatzsteuer-ID:<\/strong> Umsatzsteuer-Identifikationsnummer gem\u00e4\u00df \u00a727a Umsatzsteuergesetz: [USt-IdNr.]<\/p>\n\n\n\n<p><strong>Verantwortlich f\u00fcr den Inhalt nach \u00a7 55 Abs. 2 RStV:<\/strong> [Name] [Adresse]<\/p>","protected":false},"excerpt":{"rendered":"<p>Angaben gem\u00e4\u00df \u00a7 5 TMG: Diatprofi [Rechtsform] [Stra\u00dfe Hausnummer] [PLZ Ort] Vertreten durch: [Gesch\u00e4ftsf\u00fchrer\/Inhaber] Kontakt: Telefon: +44 1923 628809 E-Mail:&#8230;<\/p>","protected":false},"author":1,"featured_media":0,"parent":0,"menu_order":0,"comment_status":"closed","ping_status":"closed","template":"","meta":{"footnotes":""},"class_list":["post-20842","page","type-page","status-publish","hentry"],"_links":{"self":[{"href":"https:\/\/diatprofi.de\/de\/wp-json\/wp\/v2\/pages\/20842","targetHints":{"allow":["GET"]}}],"collection":[{"href":"https:\/\/diatprofi.de\/de\/wp-json\/wp\/v2\/pages"}],"about":[{"href":"https:\/\/diatprofi.de\/de\/wp-json\/wp\/v2\/types\/page"}],"author":[{"embeddable":true,"href":"https:\/\/diatprofi.de\/de\/wp-json\/wp\/v2\/users\/1"}],"replies":[{"embeddable":true,"href":"https:\/\/diatprofi.de\/de\/wp-json\/wp\/v2\/comments?post=20842"}],"version-history":[{"count":5,"href":"https:\/\/diatprofi.de\/de\/wp-json\/wp\/v2\/pages\/20842\/revisions"}],"predecessor-version":[{"id":20924,"href":"https:\/\/diatprofi.de\/de\/wp-json\/wp\/v2\/pages\/20842\/revisions\/20924"}],"wp:attachment":[{"href":"https:\/\/diatprofi.de\/de\/wp-json\/wp\/v2\/media?parent=20842"}],"curies":[{"name":"wp","href":"https:\/\/api.w.org\/{rel}","templated":true}]}}