{"id":214,"date":"2021-04-19T07:13:35","date_gmt":"2021-04-19T07:13:35","guid":{"rendered":"https:\/\/wp.kodesolution.live\/2021\/business\/sesom\/?page_id=214"},"modified":"2025-07-04T11:59:27","modified_gmt":"2025-07-04T11:59:27","slug":"faqs","status":"publish","type":"page","link":"https:\/\/diatprofi.de\/de\/faqs\/","title":{"rendered":"FAQ"},"content":{"rendered":"<div data-elementor-type=\"wp-page\" data-elementor-id=\"214\" class=\"elementor elementor-214\">\n\t\t\t\t\t\t\t\t\t<section class=\"elementor-section elementor-top-section elementor-element elementor-element-fb849e3 elementor-section-stretched elementor-section-boxed elementor-section-height-default elementor-section-height-default tm-col-stretched-none tm-bg-color-over-image\" data-id=\"fb849e3\" data-element_type=\"section\" data-settings=\"{&quot;stretch_section&quot;:&quot;section-stretched&quot;}\">\n\t\t\t\t\t\t<div class=\"elementor-container elementor-column-gap-extended\">\n\t\t\t\t\t<div class=\"elementor-column elementor-col-100 elementor-top-column elementor-element elementor-element-f230d00 tm-bg-color-over-image\" data-id=\"f230d00\" data-element_type=\"column\">\n\t\t\t<div class=\"elementor-widget-wrap elementor-element-populated\">\n\t\t\t\t\t\t\t\t<section class=\"elementor-section elementor-inner-section elementor-element elementor-element-b56b317 elementor-section-boxed elementor-section-height-default elementor-section-height-default tm-col-stretched-none tm-bg-color-over-image\" data-id=\"b56b317\" data-element_type=\"section\">\n\t\t\t\t\t\t<div class=\"elementor-container elementor-column-gap-extended\">\n\t\t\t\t\t<div class=\"elementor-column elementor-col-100 elementor-inner-column elementor-element elementor-element-c90faf4 tm-bg-color-over-image\" data-id=\"c90faf4\" data-element_type=\"column\">\n\t\t\t<div class=\"elementor-widget-wrap elementor-element-populated\">\n\t\t\t\t\t\t\t\t<div class=\"elementor-element elementor-element-54e19d9 elementor-widget elementor-widget-tm-ele-accordion\" data-id=\"54e19d9\" data-element_type=\"widget\" data-widget_type=\"tm-ele-accordion.skin-classic\">\n\t\t\t\t<div class=\"elementor-widget-container\">\n\t\t\t\t\t<div id=\"accordion-holder-466979\" class=\"tm-accordion skin-classic\">\r\n\t\r\n  <div class=\"card active\">\r\n    <div class=\"card-header p-0\" id=\"heading351\">\r\n      <h5 class=\"title\" data-bs-toggle=\"collapse\" data-bs-target=\"#collapse351\" aria-expanded=\"true\" aria-controls=\"collapse351\">\r\n        <span class=\"text\">Was ist Di\u00e4tprofi?<\/span>\r\n        <span class=\"accordion-controls-icon\"><i class=\"fas fa-chevron-down\"><\/i><\/span>\r\n      <\/h5>\r\n    <\/div>\r\n    <div id=\"collapse351\" class=\"collapse show\" aria-labelledby=\"heading351\" data-bs-parent=\"#accordion-holder-466979\">\r\n      <div class=\"card-body\">\r\n        <p>Di\u00e4tprofi ist eine Wellness-Marke, die Gummib\u00e4rchen und Kapseln anbietet, die in Kombination mit einem gesunden Lebensstil Ihre t\u00e4gliche Balance unterst\u00fctzen k\u00f6nnen.<\/p>      <\/div>\r\n    <\/div>\r\n  <\/div>\r\n\r\n  <div class=\"card active\">\r\n    <div class=\"card-header p-0\" id=\"heading352\">\r\n      <h5 class=\"title\" data-bs-toggle=\"collapse\" data-bs-target=\"#collapse352\" aria-expanded=\"true\" aria-controls=\"collapse352\">\r\n        <span class=\"text\">Wie sollte ich die Produkte einnehmen?<\/span>\r\n        <span class=\"accordion-controls-icon\"><i class=\"fas fa-chevron-down\"><\/i><\/span>\r\n      <\/h5>\r\n    <\/div>\r\n    <div id=\"collapse352\" class=\"collapse show\" aria-labelledby=\"heading352\" data-bs-parent=\"#accordion-holder-466979\">\r\n      <div class=\"card-body\">\r\n        <p>Die meisten Produkte werden ein- bis zweimal t\u00e4glich eingenommen. Bitte folgen Sie den Angaben auf dem Etikett oder wenden Sie sich an Ihren Arzt.<\/p>      <\/div>\r\n    <\/div>\r\n  <\/div>\r\n\r\n  <div class=\"card active\">\r\n    <div class=\"card-header p-0\" id=\"heading353\">\r\n      <h5 class=\"title\" data-bs-toggle=\"collapse\" data-bs-target=\"#collapse353\" aria-expanded=\"true\" aria-controls=\"collapse353\">\r\n        <span class=\"text\">Sind eure Produkte sicher?<\/span>\r\n        <span class=\"accordion-controls-icon\"><i class=\"fas fa-chevron-down\"><\/i><\/span>\r\n      <\/h5>\r\n    <\/div>\r\n    <div id=\"collapse353\" class=\"collapse show\" aria-labelledby=\"heading353\" data-bs-parent=\"#accordion-holder-466979\">\r\n      <div class=\"card-body\">\r\n        <p>Unsere Produkte werden in GMP-zertifizierten Einrichtungen hergestellt und enthalten qualit\u00e4tsgepr\u00fcfte Inhaltsstoffe. Bei Allergien oder gesundheitlichen Problemen sollten Sie vor der Einnahme Ihren Arzt konsultieren.<\/p>      <\/div>\r\n    <\/div>\r\n  <\/div>\r\n\r\n  <div class=\"card active\">\r\n    <div class=\"card-header p-0\" id=\"heading354\">\r\n      <h5 class=\"title\" data-bs-toggle=\"collapse\" data-bs-target=\"#collapse354\" aria-expanded=\"true\" aria-controls=\"collapse354\">\r\n        <span class=\"text\">Garantiert ihr Ergebnisse?<\/span>\r\n        <span class=\"accordion-controls-icon\"><i class=\"fas fa-chevron-down\"><\/i><\/span>\r\n      <\/h5>\r\n    <\/div>\r\n    <div id=\"collapse354\" class=\"collapse show\" aria-labelledby=\"heading354\" data-bs-parent=\"#accordion-holder-466979\">\r\n      <div class=\"card-body\">\r\n        <p>Ergebnisse k\u00f6nnen individuell variieren. Unsere Formeln sind dazu gedacht, eine regelm\u00e4\u00dfige Routine zu unterst\u00fctzen \u2013 nicht dazu, Krankheiten zu diagnostizieren, zu behandeln oder zu heilen.<\/p>      <\/div>\r\n    <\/div>\r\n  <\/div>\r\n\r\n  <div class=\"card active\">\r\n    <div class=\"card-header p-0\" id=\"heading355\">\r\n      <h5 class=\"title\" data-bs-toggle=\"collapse\" data-bs-target=\"#collapse355\" aria-expanded=\"true\" aria-controls=\"collapse355\">\r\n        <span class=\"text\"> Bietet ihr R\u00fcckgaben an?<\/span>\r\n        <span class=\"accordion-controls-icon\"><i class=\"fas fa-chevron-down\"><\/i><\/span>\r\n      <\/h5>\r\n    <\/div>\r\n    <div id=\"collapse355\" class=\"collapse show\" aria-labelledby=\"heading355\" data-bs-parent=\"#accordion-holder-466979\">\r\n      <div class=\"card-body\">\r\n        <p>Ja! Wir bieten eine 30-t\u00e4gige Zufriedenheitsgarantie. Wenn Sie nicht zufrieden sind, wenden Sie sich bitte an unser Support-Team.<\/p>      <\/div>\r\n    <\/div>\r\n  <\/div>\r\n\t\t<\/div>\r\n\t\t\t<\/div>\n\t\t\t\t<\/div>\n\t\t\t\t\t<\/div>\n\t\t<\/div>\n\t\t\t\t\t\t\t<\/div>\n\t\t<\/section>\n\t\t\t\t\t<\/div>\n\t\t<\/div>\n\t\t\t\t\t\t\t<\/div>\n\t\t<\/section>\n\t\t\t\t\t\t\t<\/div>","protected":false},"excerpt":{"rendered":"<p>What is Diatprofi? Diatprofi is a wellness brand offering gummies and capsules that may support your day-to-day balance when paired&#8230;<\/p>","protected":false},"author":1,"featured_media":0,"parent":0,"menu_order":0,"comment_status":"closed","ping_status":"closed","template":"","meta":{"footnotes":""},"class_list":["post-214","page","type-page","status-publish","hentry"],"_links":{"self":[{"href":"https:\/\/diatprofi.de\/de\/wp-json\/wp\/v2\/pages\/214","targetHints":{"allow":["GET"]}}],"collection":[{"href":"https:\/\/diatprofi.de\/de\/wp-json\/wp\/v2\/pages"}],"about":[{"href":"https:\/\/diatprofi.de\/de\/wp-json\/wp\/v2\/types\/page"}],"author":[{"embeddable":true,"href":"https:\/\/diatprofi.de\/de\/wp-json\/wp\/v2\/users\/1"}],"replies":[{"embeddable":true,"href":"https:\/\/diatprofi.de\/de\/wp-json\/wp\/v2\/comments?post=214"}],"version-history":[{"count":36,"href":"https:\/\/diatprofi.de\/de\/wp-json\/wp\/v2\/pages\/214\/revisions"}],"predecessor-version":[{"id":20762,"href":"https:\/\/diatprofi.de\/de\/wp-json\/wp\/v2\/pages\/214\/revisions\/20762"}],"wp:attachment":[{"href":"https:\/\/diatprofi.de\/de\/wp-json\/wp\/v2\/media?parent=214"}],"curies":[{"name":"wp","href":"https:\/\/api.w.org\/{rel}","templated":true}]}}