{"id":19379,"date":"2023-07-28T08:37:18","date_gmt":"2023-07-28T08:37:18","guid":{"rendered":"https:\/\/diatprofi.de\/?post_type=product&#038;p=19379"},"modified":"2025-07-04T12:15:16","modified_gmt":"2025-07-04T12:15:16","slug":"keto-acv-gummies","status":"publish","type":"product","link":"https:\/\/diatprofi.de\/de\/produkt\/keto-acv-gummies\/","title":{"rendered":"Keto ACV Gummibarchen"},"content":{"rendered":"","protected":false},"excerpt":{"rendered":"<p>Keto-ACV-Gummis sind ein k\u00f6stliches, keto-freundliches Nahrungserg\u00e4nzungsmittel, das die Verdauung unterst\u00fctzen, den Stoffwechsel anregen und das allgemeine Wohlbefinden f\u00f6rdern kann \u2013 alles in praktischer Gummiform.<\/p>","protected":false},"featured_media":20770,"template":"","meta":[],"product_cat":[43],"product_tag":[],"class_list":["post-19379","product","type-product","status-publish","has-post-thumbnail","hentry","product_cat-supplements"],"_links":{"self":[{"href":"https:\/\/diatprofi.de\/de\/wp-json\/wp\/v2\/product\/19379","targetHints":{"allow":["GET"]}}],"collection":[{"href":"https:\/\/diatprofi.de\/de\/wp-json\/wp\/v2\/product"}],"about":[{"href":"https:\/\/diatprofi.de\/de\/wp-json\/wp\/v2\/types\/product"}],"wp:featuredmedia":[{"embeddable":true,"href":"https:\/\/diatprofi.de\/de\/wp-json\/wp\/v2\/media\/20770"}],"wp:attachment":[{"href":"https:\/\/diatprofi.de\/de\/wp-json\/wp\/v2\/media?parent=19379"}],"wp:term":[{"taxonomy":"product_cat","embeddable":true,"href":"https:\/\/diatprofi.de\/de\/wp-json\/wp\/v2\/product_cat?post=19379"},{"taxonomy":"product_tag","embeddable":true,"href":"https:\/\/diatprofi.de\/de\/wp-json\/wp\/v2\/product_tag?post=19379"}],"curies":[{"name":"wp","href":"https:\/\/api.w.org\/{rel}","templated":true}]}}