{"id":20779,"date":"2025-07-04T12:16:18","date_gmt":"2025-07-04T12:16:18","guid":{"rendered":"https:\/\/diatprofi.de\/?post_type=product&#038;p=20779"},"modified":"2025-07-04T12:16:55","modified_gmt":"2025-07-04T12:16:55","slug":"cleanse-capsules","status":"publish","type":"product","link":"https:\/\/diatprofi.de\/de\/produkt\/cleanse-capsules\/","title":{"rendered":"Detox Kapseln"},"content":{"rendered":"","protected":false},"excerpt":{"rendered":"<p>Cleanse-Kapseln sind ein sanftes, nat\u00fcrliches Nahrungserg\u00e4nzungsmittel, das die Entgiftung unterst\u00fctzen, das Verdauungsgleichgewicht f\u00f6rdern und zu einem gesunden Darm beitragen kann \u2013 ideal f\u00fcr t\u00e4gliches Wohlbefinden und innere Reinigung.<\/p>","protected":false},"featured_media":20772,"template":"","meta":[],"product_cat":[43],"product_tag":[],"class_list":["post-20779","product","type-product","status-publish","has-post-thumbnail","hentry","product_cat-supplements"],"_links":{"self":[{"href":"https:\/\/diatprofi.de\/de\/wp-json\/wp\/v2\/product\/20779","targetHints":{"allow":["GET"]}}],"collection":[{"href":"https:\/\/diatprofi.de\/de\/wp-json\/wp\/v2\/product"}],"about":[{"href":"https:\/\/diatprofi.de\/de\/wp-json\/wp\/v2\/types\/product"}],"wp:featuredmedia":[{"embeddable":true,"href":"https:\/\/diatprofi.de\/de\/wp-json\/wp\/v2\/media\/20772"}],"wp:attachment":[{"href":"https:\/\/diatprofi.de\/de\/wp-json\/wp\/v2\/media?parent=20779"}],"wp:term":[{"taxonomy":"product_cat","embeddable":true,"href":"https:\/\/diatprofi.de\/de\/wp-json\/wp\/v2\/product_cat?post=20779"},{"taxonomy":"product_tag","embeddable":true,"href":"https:\/\/diatprofi.de\/de\/wp-json\/wp\/v2\/product_tag?post=20779"}],"curies":[{"name":"wp","href":"https:\/\/api.w.org\/{rel}","templated":true}]}}