{"id":20938,"date":"2025-08-03T12:07:04","date_gmt":"2025-08-03T12:07:04","guid":{"rendered":"https:\/\/diatprofi.de\/?post_type=product&#038;p=20938"},"modified":"2025-08-04T07:07:32","modified_gmt":"2025-08-04T07:07:32","slug":"keto-capsules-3-bottles","status":"publish","type":"product","link":"https:\/\/diatprofi.de\/de\/produkt\/keto-capsules-3-bottles\/","title":{"rendered":"Keto Kapseln (3 Flaschen)"},"content":{"rendered":"","protected":false},"excerpt":{"rendered":"<p>Keto-Kapseln sind ein kraftvolles Nahrungserg\u00e4nzungsmittel, das Ihre ketogene Ern\u00e4hrung unterst\u00fctzen soll. Sie k\u00f6nnen den Fettstoffwechsel f\u00f6rdern, das Energieniveau steigern und das allgemeine Wohlbefinden bei einer kohlenhydratarmen Lebensweise unterst\u00fctzen.<\/p>","protected":false},"featured_media":20946,"template":"","meta":[],"product_cat":[43],"product_tag":[],"class_list":["post-20938","product","type-product","status-publish","has-post-thumbnail","hentry","product_cat-supplements"],"_links":{"self":[{"href":"https:\/\/diatprofi.de\/de\/wp-json\/wp\/v2\/product\/20938","targetHints":{"allow":["GET"]}}],"collection":[{"href":"https:\/\/diatprofi.de\/de\/wp-json\/wp\/v2\/product"}],"about":[{"href":"https:\/\/diatprofi.de\/de\/wp-json\/wp\/v2\/types\/product"}],"wp:featuredmedia":[{"embeddable":true,"href":"https:\/\/diatprofi.de\/de\/wp-json\/wp\/v2\/media\/20946"}],"wp:attachment":[{"href":"https:\/\/diatprofi.de\/de\/wp-json\/wp\/v2\/media?parent=20938"}],"wp:term":[{"taxonomy":"product_cat","embeddable":true,"href":"https:\/\/diatprofi.de\/de\/wp-json\/wp\/v2\/product_cat?post=20938"},{"taxonomy":"product_tag","embeddable":true,"href":"https:\/\/diatprofi.de\/de\/wp-json\/wp\/v2\/product_tag?post=20938"}],"curies":[{"name":"wp","href":"https:\/\/api.w.org\/{rel}","templated":true}]}}